{"id":9,"date":"2015-01-22T20:01:06","date_gmt":"2015-01-22T19:01:06","guid":{"rendered":"http:\/\/landhaus-schaaf.de\/?page_id=9"},"modified":"2026-04-28T13:47:06","modified_gmt":"2026-04-28T11:47:06","slug":"tagung","status":"publish","type":"page","link":"https:\/\/landhaus-schaaf.de\/en\/tagung\/","title":{"rendered":"Meetings"},"content":{"rendered":"\n<div class=\"wp-block-group alignfull is-layout-constrained wp-block-group-is-layout-constrained\">\n<div class=\"wp-block-stackable-columns alignfull stk-block-columns stk-block stk-3e9e727 stk-block-background dottedmedium stk--has-background-overlay\" data-block-id=\"3e9e727\"><style>.stk-3e9e727 {background-color:linear-gradient(0deg,rgba(255,255,255,0.83) 53%,rgba(0,0,0,0.59) 79%) !important;background-image:url(https:\/\/landhaus-schaaf.de\/wp-content\/uploads\/2015\/01\/Tagung_2015.jpg) !important;background-attachment:fixed !important;background-position:bottom center !important;min-height:65vh !important;}.stk-3e9e727:before{opacity:0.2 !important;mix-blend-mode:darken !important;background-image:linear-gradient(0deg,rgba(255,255,255,0.83) 53%,rgba(0,0,0,0.59) 79%) !important;}@media screen and (max-width:999px){.stk-3e9e727 {padding-top:200px !important;padding-bottom:200px !important;}}@media screen and (max-width:689px){.stk-3e9e727 {margin-bottom:-120px !important;top:-140px !important;}}<\/style><div class=\"stk-row stk-inner-blocks stk-block-content stk-content-align stk-3e9e727-column alignwide\">\n<div class=\"wp-block-stackable-column stk-block-column stk-column stk-block stk-79a559e\" data-v=\"4\" data-block-id=\"79a559e\"><style>.stk-79a559e-container{margin-top:0px !important;margin-right:0px !important;margin-bottom:0px !important;margin-left:0px !important;}.stk-79a559e {align-self:center !important;max-width:900px !important;min-width:auto !important;margin-right:auto !important;margin-left:auto !important;top:100px !important;}@media screen and (max-width:999px){.stk-79a559e {max-width:600px !important;min-width:auto !important;top:-160px !important;}}@media screen and (max-width:689px){.stk-79a559e {top:-100px !important;}}<\/style><div class=\"stk-column-wrapper stk-block-column__content stk-container stk-79a559e-container stk--no-background stk--no-padding\"><div class=\"stk-block-content stk-inner-blocks stk-79a559e-inner-blocks\">\n<div class=\"wp-block-stackable-heading stk-block-heading stk-block-heading--v2 stk-block stk-725d2ce animated fadeInDown schatten\" id=\"meeting-br-br-br\" data-block-id=\"725d2ce\"><style>.stk-725d2ce {border-top-left-radius:5px !important;border-top-right-radius:5px !important;border-bottom-right-radius:5px !important;border-bottom-left-radius:5px !important;overflow:hidden !important;box-shadow:0px 5px 5px 0px #4d544309 !important;max-width:1440px !important;min-width:auto !important;margin-top:-25px !important;top:100px !important;}.stk-725d2ce .stk-block-heading__text{text-shadow:2px 4px 3px #000000cc !important;font-size:80px !important;color:var(--theme-palette-color-8, #ffffff) !important;}@media screen and (max-width:999px){.stk-725d2ce {margin-top:30px !important;}.stk-725d2ce .stk-block-heading__text{font-size:50px !important;}}@media screen and (max-width:689px){.stk-725d2ce {top:150px !important;}}<\/style><h1 class=\"stk-block-heading__text has-text-color has-text-align-center\">Meeting<br><br><br><\/h1><\/div>\n<\/div><\/div><\/div>\n<\/div><\/div>\n\n\n\n<hr class=\"wp-block-separator has-alpha-channel-opacity\"\/>\n<\/div>\n\n\n\n<div class=\"wp-block-stackable-columns stk-block-columns stk-block stk-9241855\" data-block-id=\"9241855\"><div class=\"stk-row stk-inner-blocks stk-block-content stk-content-align stk-9241855-column\">\n<div class=\"wp-block-stackable-column stk-block-column stk-column stk-block stk-3bbc210\" data-v=\"4\" data-block-id=\"3bbc210\"><div class=\"stk-column-wrapper stk-block-column__content stk-container stk-3bbc210-container stk--no-background stk--no-padding\"><div class=\"stk-block-content stk-inner-blocks stk-3bbc210-inner-blocks\">\n<p><span style=\"font-size: 16pt;\"><strong>Meetings and Events<\/strong><\/span><\/p>\n\n\n\n<p class=\"has-text-align-center\"><strong><a href=\"https:\/\/landhaus-schaaf.de\/en\/tagung\/tagungsraeume-raumaufteilung\/\">To the room layout \u00bb<\/a><\/strong><\/p>\n\n\n\n<div class=\"wp-block-stackable-columns alignwide stk-block-columns stk-block stk-893fa4c\" data-block-id=\"893fa4c\"><div class=\"stk-row stk-inner-blocks stk-block-content stk-content-align stk-893fa4c-column alignwide\">\n<div class=\"wp-block-stackable-column stk-block-column stk-column stk-block stk-3a0a1c2\" data-v=\"4\" data-block-id=\"3a0a1c2\"><style>@media screen and (min-width:690px){.stk-3a0a1c2 {flex:var(--stk-flex-grow, 1) 1 calc(60% - var(--stk-column-gap, 0px) * 1 \/ 2 ) !important;}}<\/style><div class=\"stk-column-wrapper stk-block-column__content stk-container stk-3a0a1c2-container stk--no-background stk--no-padding\"><div class=\"stk-block-content stk-inner-blocks stk-3a0a1c2-inner-blocks\">\n<h2 class=\"wp-block-heading\">Working and meeting\u2026<\/h2>\n\n\n\n<p>\u2026a rural setting brings peace and quiet and better concentration for important things: Increased receptivity, clear thinking, and harmonious teamwork are key factors for effective training today. For meetings, workshops, or conferences, you are in the best hands with us.<\/p>\n\n\n\n<p>At Landhaus Schaaf, a professional team ensures the smooth and harmonious running of your event. All rooms are soundproof. Additional rooms are available for group work.<br>A short break with a cup of coffee in the right setting has helped spark many a good and new idea. That&#8217;s why we offer not only suitable facilities, but also qualified advice and a customized supporting program.<\/p>\n<\/div><\/div><\/div>\n\n\n\n<div class=\"wp-block-stackable-column stk-block-column stk-column stk-block stk-d6cbda3\" data-v=\"4\" data-block-id=\"d6cbda3\"><style>@media screen and (min-width:690px){.stk-d6cbda3 {flex:var(--stk-flex-grow, 1) 1 calc(40% - var(--stk-column-gap, 0px) * 1 \/ 2 ) !important;}}<\/style><div class=\"stk-column-wrapper stk-block-column__content stk-container stk-d6cbda3-container stk--no-background stk--no-padding\"><div class=\"stk-block-content stk-inner-blocks stk-d6cbda3-inner-blocks\">\n<figure class=\"wp-block-image alignright is-resized\"><a href=\"https:\/\/landhaus-schaaf.de\/wp-content\/uploads\/2015\/01\/Tagung_2015.jpg\"><img loading=\"lazy\" decoding=\"async\" width=\"300\" height=\"199\" src=\"https:\/\/landhaus-schaaf.de\/wp-content\/uploads\/2015\/01\/Tagung_2015-300x199.jpg\" alt=\"Tagung_2015\" class=\"wp-image-547\" style=\"width:500px\" srcset=\"https:\/\/landhaus-schaaf.de\/wp-content\/uploads\/2015\/01\/Tagung_2015-300x199.jpg 300w, https:\/\/landhaus-schaaf.de\/wp-content\/uploads\/2015\/01\/Tagung_2015-1024x680.jpg 1024w, https:\/\/landhaus-schaaf.de\/wp-content\/uploads\/2015\/01\/Tagung_2015-624x414.jpg 624w, https:\/\/landhaus-schaaf.de\/wp-content\/uploads\/2015\/01\/Tagung_2015.jpg 1280w\" sizes=\"auto, (max-width: 300px) 100vw, 300px\" \/><\/a><\/figure>\n<\/div><\/div><\/div>\n<\/div><\/div>\n\n\n\n<hr class=\"wp-block-separator has-text-color has-palette-color-1-color has-alpha-channel-opacity has-palette-color-1-background-color has-background\"\/>\n\n\n\n<div class=\"wp-block-stackable-columns alignwide stk-block-columns stk-block stk-f4d3f3a\" data-block-id=\"f4d3f3a\"><div class=\"stk-row stk-inner-blocks stk-block-content stk-content-align stk-f4d3f3a-column alignwide\">\n<div class=\"wp-block-stackable-column stk-block-column stk-column stk-block stk-871804f\" data-v=\"4\" data-block-id=\"871804f\"><div class=\"stk-column-wrapper stk-block-column__content stk-container stk-871804f-container stk--no-background stk--no-padding\"><div class=\"stk-block-content stk-inner-blocks stk-871804f-inner-blocks\">\n<p>Our conference and meeting rooms offer various conference technology options:<\/p>\n\n\n\n<ul class=\"wp-block-list\">\n<li>Soundproof<\/li>\n\n\n\n<li>Ground floor<\/li>\n\n\n\n<li>Blackout blinds<\/li>\n\n\n\n<li>Screen<\/li>\n\n\n\n<li>Projector<\/li>\n\n\n\n<li>Flipchart<\/li>\n\n\n\n<li>Metaplanner\/Pinboard<\/li>\n\n\n\n<li>Internet access via Wi-Fi<\/li>\n<\/ul>\n\n\n\n<hr class=\"wp-block-separator has-text-color has-palette-color-1-color has-alpha-channel-opacity has-palette-color-1-background-color has-background\"\/>\n<\/div><\/div><\/div>\n<\/div><\/div>\n\n\n\n<div class=\"wp-block-stackable-columns alignwide stk-block-columns stk-block stk-6a78b29\" data-block-id=\"6a78b29\"><div class=\"stk-row stk-inner-blocks stk-block-content stk-content-align stk-6a78b29-column alignwide\">\n<div class=\"wp-block-stackable-column stk-block-column stk-column stk-block stk-3fdb8bb\" data-v=\"4\" data-block-id=\"3fdb8bb\"><style>@media screen and (min-width:690px){.stk-3fdb8bb {flex:var(--stk-flex-grow, 1) 1 calc(60% - var(--stk-column-gap, 0px) * 1 \/ 2 ) !important;}}<\/style><div class=\"stk-column-wrapper stk-block-column__content stk-container stk-3fdb8bb-container stk--no-background stk--no-padding\"><div class=\"stk-block-content stk-inner-blocks stk-3fdb8bb-inner-blocks\">\n<p>We offer the following seating options:<\/p>\n\n\n\n<ul class=\"wp-block-list\">\n<li>Conference (U\/E format)<\/li>\n\n\n\n<li>Parliament<\/li>\n\n\n\n<li>Theatre seating<\/li>\n\n\n\n<li>Banquet<\/li>\n\n\n\n<li>Reception<\/li>\n\n\n\n<li>Block table<\/li>\n<\/ul>\n\n\n\n<p>From 25 to 160 people<\/p>\n<\/div><\/div><\/div>\n\n\n\n<div class=\"wp-block-stackable-column stk-block-column stk-column stk-block stk-00733ac\" data-v=\"4\" data-block-id=\"00733ac\"><style>@media screen and (min-width:690px){.stk-00733ac {flex:var(--stk-flex-grow, 1) 1 calc(40% - var(--stk-column-gap, 0px) * 1 \/ 2 ) !important;}}<\/style><div class=\"stk-column-wrapper stk-block-column__content stk-container stk-00733ac-container stk--no-background stk--no-padding\"><div class=\"stk-block-content stk-inner-blocks stk-00733ac-inner-blocks\">\n<figure class=\"wp-block-image alignright is-resized\"><a href=\"https:\/\/landhaus-schaaf.de\/wp-content\/uploads\/2015\/01\/Tagung_10.jpg\"><img loading=\"lazy\" decoding=\"async\" width=\"300\" height=\"199\" src=\"https:\/\/landhaus-schaaf.de\/wp-content\/uploads\/2015\/01\/Tagung_10-300x199.jpg\" alt=\"Tagung_10\" class=\"wp-image-419\" style=\"width:500px\" srcset=\"https:\/\/landhaus-schaaf.de\/wp-content\/uploads\/2015\/01\/Tagung_10-300x199.jpg 300w, https:\/\/landhaus-schaaf.de\/wp-content\/uploads\/2015\/01\/Tagung_10-1024x678.jpg 1024w, https:\/\/landhaus-schaaf.de\/wp-content\/uploads\/2015\/01\/Tagung_10-624x413.jpg 624w, https:\/\/landhaus-schaaf.de\/wp-content\/uploads\/2015\/01\/Tagung_10.jpg 1280w\" sizes=\"auto, (max-width: 300px) 100vw, 300px\" \/><\/a><\/figure>\n<\/div><\/div><\/div>\n<\/div><\/div>\n\n\n\n<p class=\"has-text-align-center\"><strong><a href=\"https:\/\/landhaus-schaaf.de\/en\/tagung\/tagungsraeume-raumaufteilung\/\">To the room layout \u00bb<\/a><\/strong><\/p>\n\n\n\n<hr class=\"wp-block-separator has-text-color has-palette-color-1-color has-alpha-channel-opacity has-palette-color-1-background-color has-background\"\/>\n\n\n\n<div class=\"wp-block-stackable-columns alignwide stk-block-columns stk-block stk-c1aa6de\" data-block-id=\"c1aa6de\"><div class=\"stk-row stk-inner-blocks stk-block-content stk-content-align stk-c1aa6de-column alignwide\">\n<div class=\"wp-block-stackable-column stk-block-column stk-column stk-block stk-0c59d96\" data-v=\"4\" data-block-id=\"0c59d96\"><div class=\"stk-column-wrapper stk-block-column__content stk-container stk-0c59d96-container stk--no-background stk--no-padding\"><div class=\"stk-block-content stk-inner-blocks stk-0c59d96-inner-blocks\">\n<h2 class=\"wp-block-heading\">Evening program<\/h2>\n\n\n\n<p>As an evening program, we can offer you the following activities by prior arrangement:<\/p>\n\n\n\n<ul class=\"wp-block-list\">\n<li>Canoe tour<\/li>\n\n\n\n<li>Cozy bowling evening<\/li>\n\n\n\n<li>Cycling<\/li>\n\n\n\n<li>Go-karting<\/li>\n\n\n\n<li>A schnapps distillery 200 meters away, for a tour and tasting<\/li>\n\n\n\n<li>Crossbow shooting (limited availability)<\/li>\n\n\n\n<li>Boat trip on the passenger ship &#8220;Wappen von Limburg&#8221;<\/li>\n\n\n\n<li>Barbecue evening<\/li>\n\n\n\n<li>Hike with the night watchman through Runkel<\/li>\n<\/ul>\n\n\n\n<p>If you are interested, we would be happy to make you an attractive offer!<\/p>\n<\/div><\/div><\/div>\n<\/div><\/div>\n<\/div><\/div><\/div>\n<\/div><\/div>\n","protected":false},"excerpt":{"rendered":"<p>Meeting Meetings and Events To the room layout \u00bb Working and meeting\u2026 \u2026a rural setting brings peace and quiet and better concentration for important things: Increased receptivity, clear thinking, and harmonious teamwork are key factors for effective training today. For meetings, workshops, or conferences, you are in the best hands with us. At Landhaus Schaaf, [&hellip;]<\/p>\n","protected":false},"author":1,"featured_media":6675,"parent":0,"menu_order":4,"comment_status":"closed","ping_status":"closed","template":"","meta":{"footnotes":""},"class_list":["post-9","page","type-page","status-publish","has-post-thumbnail","hentry"],"blocksy_meta":[],"translation":{"provider":"WPGlobus","version":"3.0.2","language":"en","enabled_languages":["de","en"],"languages":{"de":{"title":true,"content":true,"excerpt":false},"en":{"title":true,"content":true,"excerpt":false}}},"yoast_head":"<!-- This site is optimized with the Yoast SEO plugin v27.5 - https:\/\/yoast.com\/product\/yoast-seo-wordpress\/ -->\n<title>Landhaus Schaaf : Meetings und Events<\/title>\n<meta name=\"robots\" content=\"index, follow, max-snippet:-1, max-image-preview:large, max-video-preview:-1\" \/>\n<link rel=\"canonical\" href=\"https:\/\/landhaus-schaaf.de\/tagung\/\" \/>\n<meta property=\"og:locale\" content=\"en_US\" \/>\n<meta property=\"og:type\" content=\"article\" \/>\n<meta property=\"og:title\" content=\"Meetings - Landhaus Schaaf\" \/>\n<meta property=\"og:url\" content=\"https:\/\/landhaus-schaaf.de\/tagung\/\" \/>\n<meta property=\"og:site_name\" content=\"Landhaus Schaaf\" \/>\n<meta property=\"article:publisher\" content=\"https:\/\/www.facebook.com\/Landhaus.Schaaf\" \/>\n<meta property=\"article:modified_time\" content=\"2026-04-28T11:47:06+00:00\" \/>\n<meta property=\"og:image\" content=\"https:\/\/landhaus-schaaf.de\/wp-content\/uploads\/2020\/12\/Beitrag-Tagung-1825x380-1.jpg\" \/>\n\t<meta property=\"og:image:width\" content=\"1825\" \/>\n\t<meta property=\"og:image:height\" content=\"380\" \/>\n\t<meta property=\"og:image:type\" content=\"image\/jpeg\" \/>\n<meta name=\"twitter:card\" content=\"summary_large_image\" \/>\n<meta name=\"twitter:label1\" content=\"Est. reading time\" \/>\n\t<meta name=\"twitter:data1\" content=\"2 minutes\" \/>\n<script type=\"application\/ld+json\" class=\"yoast-schema-graph\">{\"@context\":\"https:\\\/\\\/schema.org\",\"@graph\":[{\"@type\":\"WebPage\",\"@id\":\"https:\\\/\\\/landhaus-schaaf.de\\\/tagung\\\/\",\"url\":\"https:\\\/\\\/landhaus-schaaf.de\\\/tagung\\\/\",\"name\":\"Landhaus Schaaf : Meetings und Events\",\"isPartOf\":{\"@id\":\"https:\\\/\\\/landhaus-schaaf.de\\\/#website\"},\"primaryImageOfPage\":{\"@id\":\"https:\\\/\\\/landhaus-schaaf.de\\\/tagung\\\/#primaryimage\"},\"image\":{\"@id\":\"https:\\\/\\\/landhaus-schaaf.de\\\/tagung\\\/#primaryimage\"},\"thumbnailUrl\":\"https:\\\/\\\/landhaus-schaaf.de\\\/wp-content\\\/uploads\\\/2020\\\/12\\\/Beitrag-Tagung-1825x380-1.jpg\",\"datePublished\":\"2015-01-22T19:01:06+00:00\",\"dateModified\":\"2026-04-28T11:47:06+00:00\",\"description\":\"Tagungen und Events in angenehmer Atmosph\u00e4re. Drei R\u00e4umlichkeiten verschiedener Gr\u00f6\u00dfen (von 25 bis 160 Personen) stehen Ihnen zur Verf\u00fcgung.\",\"breadcrumb\":{\"@id\":\"https:\\\/\\\/landhaus-schaaf.de\\\/tagung\\\/#breadcrumb\"},\"inLanguage\":\"en-US\",\"potentialAction\":[{\"@type\":\"ReadAction\",\"target\":[\"https:\\\/\\\/landhaus-schaaf.de\\\/tagung\\\/\"]}]},{\"@type\":\"ImageObject\",\"inLanguage\":\"en-US\",\"@id\":\"https:\\\/\\\/landhaus-schaaf.de\\\/tagung\\\/#primaryimage\",\"url\":\"https:\\\/\\\/landhaus-schaaf.de\\\/wp-content\\\/uploads\\\/2020\\\/12\\\/Beitrag-Tagung-1825x380-1.jpg\",\"contentUrl\":\"https:\\\/\\\/landhaus-schaaf.de\\\/wp-content\\\/uploads\\\/2020\\\/12\\\/Beitrag-Tagung-1825x380-1.jpg\",\"width\":1825,\"height\":380},{\"@type\":\"BreadcrumbList\",\"@id\":\"https:\\\/\\\/landhaus-schaaf.de\\\/tagung\\\/#breadcrumb\",\"itemListElement\":[{\"@type\":\"ListItem\",\"position\":1,\"name\":\"Startseite\",\"item\":\"https:\\\/\\\/landhaus-schaaf.de\\\/\"},{\"@type\":\"ListItem\",\"position\":2,\"name\":\"Tagung\"}]},{\"@type\":\"WebSite\",\"@id\":\"https:\\\/\\\/landhaus-schaaf.de\\\/#website\",\"url\":\"https:\\\/\\\/landhaus-schaaf.de\\\/\",\"name\":\"Landhaus Schaaf\",\"description\":\"Oberstra\u00dfe 15 * 65594 Runkel-Schadeck * (06482) 2980\",\"publisher\":{\"@id\":\"https:\\\/\\\/landhaus-schaaf.de\\\/#organization\"},\"potentialAction\":[{\"@type\":\"SearchAction\",\"target\":{\"@type\":\"EntryPoint\",\"urlTemplate\":\"https:\\\/\\\/landhaus-schaaf.de\\\/?s={search_term_string}\"},\"query-input\":{\"@type\":\"PropertyValueSpecification\",\"valueRequired\":true,\"valueName\":\"search_term_string\"}}],\"inLanguage\":\"en-US\"},{\"@type\":\"Organization\",\"@id\":\"https:\\\/\\\/landhaus-schaaf.de\\\/#organization\",\"name\":\"Landhaus Schaaf Gbr\",\"url\":\"https:\\\/\\\/landhaus-schaaf.de\\\/\",\"logo\":{\"@type\":\"ImageObject\",\"inLanguage\":\"en-US\",\"@id\":\"https:\\\/\\\/landhaus-schaaf.de\\\/#\\\/schema\\\/logo\\\/image\\\/\",\"url\":\"https:\\\/\\\/landhaus-schaaf.de\\\/wp-content\\\/uploads\\\/2019\\\/01\\\/Logo_LH_Schaaf.png\",\"contentUrl\":\"https:\\\/\\\/landhaus-schaaf.de\\\/wp-content\\\/uploads\\\/2019\\\/01\\\/Logo_LH_Schaaf.png\",\"width\":250,\"height\":129,\"caption\":\"Landhaus Schaaf Gbr\"},\"image\":{\"@id\":\"https:\\\/\\\/landhaus-schaaf.de\\\/#\\\/schema\\\/logo\\\/image\\\/\"},\"sameAs\":[\"https:\\\/\\\/www.facebook.com\\\/Landhaus.Schaaf\"]}]}<\/script>\n<!-- \/ Yoast SEO plugin. -->","yoast_head_json":{"title":"Landhaus Schaaf : Meetings und Events","robots":{"index":"index","follow":"follow","max-snippet":"max-snippet:-1","max-image-preview":"max-image-preview:large","max-video-preview":"max-video-preview:-1"},"canonical":"https:\/\/landhaus-schaaf.de\/tagung\/","og_locale":"en_US","og_type":"article","og_title":"Meetings - Landhaus Schaaf","og_url":"https:\/\/landhaus-schaaf.de\/tagung\/","og_site_name":"Landhaus Schaaf","article_publisher":"https:\/\/www.facebook.com\/Landhaus.Schaaf","article_modified_time":"2026-04-28T11:47:06+00:00","og_image":[{"width":1825,"height":380,"url":"https:\/\/landhaus-schaaf.de\/wp-content\/uploads\/2020\/12\/Beitrag-Tagung-1825x380-1.jpg","type":"image\/jpeg"}],"twitter_card":"summary_large_image","twitter_misc":{"Est. reading time":"2 minutes"},"schema":{"@context":"https:\/\/schema.org","@graph":[{"@type":"WebPage","@id":"https:\/\/landhaus-schaaf.de\/tagung\/","url":"https:\/\/landhaus-schaaf.de\/tagung\/","name":"Landhaus Schaaf : Meetings und Events","isPartOf":{"@id":"https:\/\/landhaus-schaaf.de\/#website"},"primaryImageOfPage":{"@id":"https:\/\/landhaus-schaaf.de\/tagung\/#primaryimage"},"image":{"@id":"https:\/\/landhaus-schaaf.de\/tagung\/#primaryimage"},"thumbnailUrl":"https:\/\/landhaus-schaaf.de\/wp-content\/uploads\/2020\/12\/Beitrag-Tagung-1825x380-1.jpg","datePublished":"2015-01-22T19:01:06+00:00","dateModified":"2026-04-28T11:47:06+00:00","description":"Tagungen und Events in angenehmer Atmosph\u00e4re. Drei R\u00e4umlichkeiten verschiedener Gr\u00f6\u00dfen (von 25 bis 160 Personen) stehen Ihnen zur Verf\u00fcgung.","breadcrumb":{"@id":"https:\/\/landhaus-schaaf.de\/tagung\/#breadcrumb"},"inLanguage":"en-US","potentialAction":[{"@type":"ReadAction","target":["https:\/\/landhaus-schaaf.de\/tagung\/"]}]},{"@type":"ImageObject","inLanguage":"en-US","@id":"https:\/\/landhaus-schaaf.de\/tagung\/#primaryimage","url":"https:\/\/landhaus-schaaf.de\/wp-content\/uploads\/2020\/12\/Beitrag-Tagung-1825x380-1.jpg","contentUrl":"https:\/\/landhaus-schaaf.de\/wp-content\/uploads\/2020\/12\/Beitrag-Tagung-1825x380-1.jpg","width":1825,"height":380},{"@type":"BreadcrumbList","@id":"https:\/\/landhaus-schaaf.de\/tagung\/#breadcrumb","itemListElement":[{"@type":"ListItem","position":1,"name":"Startseite","item":"https:\/\/landhaus-schaaf.de\/"},{"@type":"ListItem","position":2,"name":"Tagung"}]},{"@type":"WebSite","@id":"https:\/\/landhaus-schaaf.de\/#website","url":"https:\/\/landhaus-schaaf.de\/","name":"Landhaus Schaaf","description":"Oberstra\u00dfe 15 * 65594 Runkel-Schadeck * (06482) 2980","publisher":{"@id":"https:\/\/landhaus-schaaf.de\/#organization"},"potentialAction":[{"@type":"SearchAction","target":{"@type":"EntryPoint","urlTemplate":"https:\/\/landhaus-schaaf.de\/?s={search_term_string}"},"query-input":{"@type":"PropertyValueSpecification","valueRequired":true,"valueName":"search_term_string"}}],"inLanguage":"en-US"},{"@type":"Organization","@id":"https:\/\/landhaus-schaaf.de\/#organization","name":"Landhaus Schaaf Gbr","url":"https:\/\/landhaus-schaaf.de\/","logo":{"@type":"ImageObject","inLanguage":"en-US","@id":"https:\/\/landhaus-schaaf.de\/#\/schema\/logo\/image\/","url":"https:\/\/landhaus-schaaf.de\/wp-content\/uploads\/2019\/01\/Logo_LH_Schaaf.png","contentUrl":"https:\/\/landhaus-schaaf.de\/wp-content\/uploads\/2019\/01\/Logo_LH_Schaaf.png","width":250,"height":129,"caption":"Landhaus Schaaf Gbr"},"image":{"@id":"https:\/\/landhaus-schaaf.de\/#\/schema\/logo\/image\/"},"sameAs":["https:\/\/www.facebook.com\/Landhaus.Schaaf"]}]}},"publishpress_future_action":{"enabled":false,"date":"2026-05-08 10:20:36","action":"change-status","newStatus":"draft","terms":[],"taxonomy":"","extraData":[]},"publishpress_future_workflow_manual_trigger":{"enabledWorkflows":[]},"_links":{"self":[{"href":"https:\/\/landhaus-schaaf.de\/en\/wp-json\/wp\/v2\/pages\/9","targetHints":{"allow":["GET"]}}],"collection":[{"href":"https:\/\/landhaus-schaaf.de\/en\/wp-json\/wp\/v2\/pages"}],"about":[{"href":"https:\/\/landhaus-schaaf.de\/en\/wp-json\/wp\/v2\/types\/page"}],"author":[{"embeddable":true,"href":"https:\/\/landhaus-schaaf.de\/en\/wp-json\/wp\/v2\/users\/1"}],"replies":[{"embeddable":true,"href":"https:\/\/landhaus-schaaf.de\/en\/wp-json\/wp\/v2\/comments?post=9"}],"version-history":[{"count":6,"href":"https:\/\/landhaus-schaaf.de\/en\/wp-json\/wp\/v2\/pages\/9\/revisions"}],"predecessor-version":[{"id":15423,"href":"https:\/\/landhaus-schaaf.de\/en\/wp-json\/wp\/v2\/pages\/9\/revisions\/15423"}],"wp:featuredmedia":[{"embeddable":true,"href":"https:\/\/landhaus-schaaf.de\/en\/wp-json\/wp\/v2\/media\/6675"}],"wp:attachment":[{"href":"https:\/\/landhaus-schaaf.de\/en\/wp-json\/wp\/v2\/media?parent=9"}],"curies":[{"name":"wp","href":"https:\/\/api.w.org\/{rel}","templated":true}]}}